{"id":379,"date":"2020-08-18T15:51:41","date_gmt":"2020-08-18T18:51:41","guid":{"rendered":"https:\/\/placcentri.com.br\/index.php\/manutencao-em-desnatadeiras-em-agudos\/"},"modified":"2020-08-18T15:51:41","modified_gmt":"2020-08-18T18:51:41","slug":"manutencao-em-desnatadeiras-em-agudos","status":"publish","type":"page","link":"https:\/\/placcentri.com.br\/index.php\/manutencao-em-desnatadeiras-em-agudos\/","title":{"rendered":"Manuten\u00e7\u00e3o em desnatadeiras em Agudos | Ligue: 14 3100-3040"},"content":{"rendered":"<p><img loading=\"lazy\" class=\"alignnone size-full wp-image-42\" src=\"https:\/\/placcentri.com.br\/wp-content\/uploads\/2020\/08\/logo-1.png\" alt=\"\" width=\"960\" height=\"206\" srcset=\"https:\/\/placcentri.com.br\/wp-content\/uploads\/2020\/08\/logo-1.png 960w, https:\/\/placcentri.com.br\/wp-content\/uploads\/2020\/08\/logo-1-480x103.png 480w\" sizes=\"(min-width: 0px) and (max-width: 480px) 480px, (min-width: 481px) 960px, 100vw\" \/><\/p>\n<div class=\"et_pb_module et_pb_text et_pb_text_1 et_pb_text_align_left et_pb_bg_layout_light et_had_animation\">\n<div class=\"et_pb_text_inner\">\n<p style=\"text-align: justify;\">Ser\u00a0<strong>especialista<\/strong> em solu\u00e7\u00f5es que envolvam equipamentos ao mercado de latic\u00ednios, latex, sucos entre outros produtos. Estar alinhado \u00e0s necessidades do mercado, trazendo solu\u00e7\u00f5es inovadoras e que agreguem valores aos nossos clientes. Priorizamos o bom relacionamento interpessoal com os nossos clientes, fornecedores, colaboradores e a comunidade onde estamos inseridos.<\/p>\n<ul>\n<li>\n<h2>Manuten\u00e7\u00e3o em desnatadeiras em Agudos<\/h2>\n<\/li>\n<\/ul>\n<\/div>\n<\/div>\n<div class=\"et_pb_module et_pb_blurb et_pb_blurb_0 et_pb_text_align_left et_pb_blurb_position_left et_pb_bg_layout_light et_had_animation\">\n<div class=\"et_pb_blurb_content\">\n<div class=\"et_pb_main_blurb_image\"><a href='https:\/\/placcentri.com.br\/#Contato' class='big-button bigblue'>Fale Conosco<\/a><\/div>\n<div><\/div>\n<div class=\"et_pb_blurb_container\"><\/div>\n<\/div>\n<\/div>\n<p>&nbsp;<\/p>\n","protected":false},"excerpt":{"rendered":"<p>Ser\u00a0especialista em solu\u00e7\u00f5es que envolvam equipamentos ao mercado de latic\u00ednios, latex, sucos entre outros produtos. Estar alinhado \u00e0s necessidades do mercado, trazendo solu\u00e7\u00f5es inovadoras e que agreguem valores aos nossos clientes. Priorizamos o bom relacionamento interpessoal com os nossos clientes, fornecedores, colaboradores e a comunidade onde estamos inseridos. Manuten\u00e7\u00e3o em desnatadeiras em Agudos &nbsp;<\/p>\n","protected":false},"author":0,"featured_media":0,"parent":0,"menu_order":0,"comment_status":"closed","ping_status":"closed","template":"","meta":{"_et_pb_use_builder":"","_et_pb_old_content":"","_et_gb_content_width":""},"_links":{"self":[{"href":"https:\/\/placcentri.com.br\/index.php\/wp-json\/wp\/v2\/pages\/379"}],"collection":[{"href":"https:\/\/placcentri.com.br\/index.php\/wp-json\/wp\/v2\/pages"}],"about":[{"href":"https:\/\/placcentri.com.br\/index.php\/wp-json\/wp\/v2\/types\/page"}],"replies":[{"embeddable":true,"href":"https:\/\/placcentri.com.br\/index.php\/wp-json\/wp\/v2\/comments?post=379"}],"version-history":[{"count":0,"href":"https:\/\/placcentri.com.br\/index.php\/wp-json\/wp\/v2\/pages\/379\/revisions"}],"wp:attachment":[{"href":"https:\/\/placcentri.com.br\/index.php\/wp-json\/wp\/v2\/media?parent=379"}],"curies":[{"name":"wp","href":"https:\/\/api.w.org\/{rel}","templated":true}]}}